{"id":4330,"date":"2025-03-27T16:53:30","date_gmt":"2025-03-27T15:53:30","guid":{"rendered":"https:\/\/chapiteauxenperigord.fr\/avis-clients\/"},"modified":"2025-07-04T11:04:58","modified_gmt":"2025-07-04T09:04:58","slug":"customer-reviews-marquee-and-event-rental-dordogne-24","status":"publish","type":"page","link":"https:\/\/chapiteauxenperigord.fr\/en\/customer-reviews-marquee-and-event-rental-dordogne-24\/","title":{"rendered":"Customer reviews"},"content":{"rendered":"<div id='av_section_1'  class='avia-section av-98cryq-66f66ff93ab5b04d11e6527d83d90740 main_color avia-section-large avia-no-border-styling  avia-builder-el-0  avia-builder-el-no-sibling  avia-bg-style-scroll container_wrap sidebar_right'  ><div class='container av-section-cont-open' ><main  role=\"main\" itemprop=\"mainContentOfPage\"  class='template-page content  av-content-small alpha units'><div class='post-entry post-entry-type-page post-entry-4330'><div class='entry-content-wrapper clearfix'>\n\n<style type=\"text\/css\" data-created_by=\"avia_inline_auto\" id=\"style-css-av-8yyqze-22d9d266d0762c26588b8b3f5b5e1502\">\n#top .av-special-heading.av-8yyqze-22d9d266d0762c26588b8b3f5b5e1502{\npadding-bottom:20px;\nfont-size:40px;\n}\nbody .av-special-heading.av-8yyqze-22d9d266d0762c26588b8b3f5b5e1502 .av-special-heading-tag .heading-char{\nfont-size:25px;\n}\n#top #wrap_all .av-special-heading.av-8yyqze-22d9d266d0762c26588b8b3f5b5e1502 .av-special-heading-tag{\nfont-size:40px;\n}\n.av-special-heading.av-8yyqze-22d9d266d0762c26588b8b3f5b5e1502 .av-subheading{\nfont-size:15px;\n}\n\n@media only screen and (min-width: 480px) and (max-width: 767px){ \n#top #wrap_all .av-special-heading.av-8yyqze-22d9d266d0762c26588b8b3f5b5e1502 .av-special-heading-tag{\nfont-size:0.8em;\n}\n}\n\n@media only screen and (max-width: 479px){ \n#top #wrap_all .av-special-heading.av-8yyqze-22d9d266d0762c26588b8b3f5b5e1502 .av-special-heading-tag{\nfont-size:0.8em;\n}\n}\n<\/style>\n<div  class='av-special-heading av-8yyqze-22d9d266d0762c26588b8b3f5b5e1502 av-special-heading-h2 blockquote modern-quote  avia-builder-el-1  el_before_av_hr  avia-builder-el-first  av-inherit-size'><h2 class='av-special-heading-tag '  itemprop=\"headline\"  >Customer reviews<\/h2><div class=\"special-heading-border\"><div class=\"special-heading-inner-border\"><\/div><\/div><\/div>\n\n<style type=\"text\/css\" data-created_by=\"avia_inline_auto\" id=\"style-css-av-8sjhd6-59bf8b14f326986e6e28037d82d09a5a\">\n#top .hr.av-8sjhd6-59bf8b14f326986e6e28037d82d09a5a{\nmargin-top:10px;\nmargin-bottom:50px;\n}\n.hr.av-8sjhd6-59bf8b14f326986e6e28037d82d09a5a .hr-inner{\nwidth:50px;\nborder-color:#d4c28a;\n}\n<\/style>\n<div  class='hr av-8sjhd6-59bf8b14f326986e6e28037d82d09a5a hr-custom  avia-builder-el-2  el_after_av_heading  el_before_av_codeblock  hr-left hr-icon-no'><span class='hr-inner inner-border-av-border-fat'><span class=\"hr-inner-style\"><\/span><\/span><\/div>\n\n<\/div><\/div><\/main><!-- close content main element --><\/div><\/div><div id='after_section_1'  class='main_color av_default_container_wrap container_wrap sidebar_right'  ><div class='container av-section-cont-open' ><div class='template-page content  av-content-small alpha units'><div class='post-entry post-entry-type-page post-entry-4330'><div class='entry-content-wrapper clearfix'>\n","protected":false},"excerpt":{"rendered":"","protected":false},"author":1,"featured_media":0,"parent":0,"menu_order":0,"comment_status":"closed","ping_status":"closed","template":"","meta":{"footnotes":""},"class_list":["post-4330","page","type-page","status-publish","hentry"],"yoast_head":"<!-- This site is optimized with the Yoast SEO plugin v27.4 - https:\/\/yoast.com\/product\/yoast-seo-wordpress\/ -->\n<title>Customers reviews Rental wedding marquees in Dordogne, Gironde...<\/title>\n<meta name=\"description\" content=\"Discover the customer reviews. Chapiteaux in P\u00e9rigord offers rental of tents and reception equipment for weddings and events in Dordogne 24\" \/>\n<meta name=\"robots\" content=\"index, follow, max-snippet:-1, max-image-preview:large, max-video-preview:-1\" \/>\n<link rel=\"canonical\" href=\"https:\/\/chapiteauxenperigord.fr\/en\/customer-reviews-marquee-and-event-rental-dordogne-24\/\" \/>\n<meta property=\"og:locale\" content=\"en_US\" \/>\n<meta property=\"og:type\" content=\"article\" \/>\n<meta property=\"og:title\" content=\"Customers reviews Rental wedding marquees in Dordogne, Gironde...\" \/>\n<meta property=\"og:description\" content=\"Discover the customer reviews. Chapiteaux in P\u00e9rigord offers rental of tents and reception equipment for weddings and events in Dordogne 24\" \/>\n<meta property=\"og:url\" content=\"https:\/\/chapiteauxenperigord.fr\/en\/customer-reviews-marquee-and-event-rental-dordogne-24\/\" \/>\n<meta property=\"og:site_name\" content=\"Chapiteaux en P\u00e9rigord\" \/>\n<meta property=\"article:publisher\" content=\"https:\/\/www.facebook.com\/people\/Chapiteaux-en-P%c3%a9rigord\/100057351854568\/\" \/>\n<meta property=\"article:modified_time\" content=\"2025-07-04T09:04:58+00:00\" \/>\n<meta property=\"og:image\" content=\"https:\/\/cdn1.mariages.net\/assets\/img\/logos\/gen_logoHeader.svg\" \/>\n<meta name=\"twitter:card\" content=\"summary_large_image\" \/>\n<meta name=\"twitter:label1\" content=\"Est. reading time\" \/>\n\t<meta name=\"twitter:data1\" content=\"1 minute\" \/>\n<script type=\"application\/ld+json\" class=\"yoast-schema-graph\">{\"@context\":\"https:\\\/\\\/schema.org\",\"@graph\":[{\"@type\":\"WebPage\",\"@id\":\"https:\\\/\\\/chapiteauxenperigord.fr\\\/en\\\/customer-reviews-marquee-and-event-rental-dordogne-24\\\/\",\"url\":\"https:\\\/\\\/chapiteauxenperigord.fr\\\/en\\\/customer-reviews-marquee-and-event-rental-dordogne-24\\\/\",\"name\":\"Customers reviews Rental wedding marquees in Dordogne, Gironde...\",\"isPartOf\":{\"@id\":\"https:\\\/\\\/chapiteauxenperigord.fr\\\/#website\"},\"primaryImageOfPage\":{\"@id\":\"https:\\\/\\\/chapiteauxenperigord.fr\\\/en\\\/customer-reviews-marquee-and-event-rental-dordogne-24\\\/#primaryimage\"},\"image\":{\"@id\":\"https:\\\/\\\/chapiteauxenperigord.fr\\\/en\\\/customer-reviews-marquee-and-event-rental-dordogne-24\\\/#primaryimage\"},\"thumbnailUrl\":\"https:\\\/\\\/cdn1.mariages.net\\\/assets\\\/img\\\/logos\\\/gen_logoHeader.svg\",\"datePublished\":\"2025-03-27T15:53:30+00:00\",\"dateModified\":\"2025-07-04T09:04:58+00:00\",\"description\":\"Discover the customer reviews. Chapiteaux in P\u00e9rigord offers rental of tents and reception equipment for weddings and events in Dordogne 24\",\"breadcrumb\":{\"@id\":\"https:\\\/\\\/chapiteauxenperigord.fr\\\/en\\\/customer-reviews-marquee-and-event-rental-dordogne-24\\\/#breadcrumb\"},\"inLanguage\":\"en-US\",\"potentialAction\":[{\"@type\":\"ReadAction\",\"target\":[\"https:\\\/\\\/chapiteauxenperigord.fr\\\/en\\\/customer-reviews-marquee-and-event-rental-dordogne-24\\\/\"]}]},{\"@type\":\"ImageObject\",\"inLanguage\":\"en-US\",\"@id\":\"https:\\\/\\\/chapiteauxenperigord.fr\\\/en\\\/customer-reviews-marquee-and-event-rental-dordogne-24\\\/#primaryimage\",\"url\":\"https:\\\/\\\/cdn1.mariages.net\\\/assets\\\/img\\\/logos\\\/gen_logoHeader.svg\",\"contentUrl\":\"https:\\\/\\\/cdn1.mariages.net\\\/assets\\\/img\\\/logos\\\/gen_logoHeader.svg\"},{\"@type\":\"BreadcrumbList\",\"@id\":\"https:\\\/\\\/chapiteauxenperigord.fr\\\/en\\\/customer-reviews-marquee-and-event-rental-dordogne-24\\\/#breadcrumb\",\"itemListElement\":[{\"@type\":\"ListItem\",\"position\":1,\"name\":\"Accueil\",\"item\":\"https:\\\/\\\/chapiteauxenperigord.fr\\\/en\\\/home\\\/\"},{\"@type\":\"ListItem\",\"position\":2,\"name\":\"Customer reviews\"}]},{\"@type\":\"WebSite\",\"@id\":\"https:\\\/\\\/chapiteauxenperigord.fr\\\/#website\",\"url\":\"https:\\\/\\\/chapiteauxenperigord.fr\\\/\",\"name\":\"Chapiteaux en P\u00e9rigord : Location de tentes, mat\u00e9riel de r\u00e9ception en Dordogne 24 Bergerac, P\u00e9rigueux, Sarlat...\",\"description\":\"Location de chapiteaux pour mariages et mat\u00e9riel de r\u00e9ception en Dordogne 24 - Chapiteaux en P\u00e9rigord\",\"publisher\":{\"@id\":\"https:\\\/\\\/chapiteauxenperigord.fr\\\/#organization\"},\"alternateName\":\"Sp\u00e9cialiste de la locationde mat\u00e9riel de r\u00e9ception en Dordogne 24 et dans les d\u00e9partements limitrophes\",\"potentialAction\":[{\"@type\":\"SearchAction\",\"target\":{\"@type\":\"EntryPoint\",\"urlTemplate\":\"https:\\\/\\\/chapiteauxenperigord.fr\\\/?s={search_term_string}\"},\"query-input\":{\"@type\":\"PropertyValueSpecification\",\"valueRequired\":true,\"valueName\":\"search_term_string\"}}],\"inLanguage\":\"en-US\"},{\"@type\":\"Organization\",\"@id\":\"https:\\\/\\\/chapiteauxenperigord.fr\\\/#organization\",\"name\":\"Chapiteaux en P\u00e9rigord : Location de tentes, mat\u00e9riel de r\u00e9ception en Dordogne\",\"alternateName\":\"Chapiteaux en P\u00e9rigord\",\"url\":\"https:\\\/\\\/chapiteauxenperigord.fr\\\/\",\"logo\":{\"@type\":\"ImageObject\",\"inLanguage\":\"en-US\",\"@id\":\"https:\\\/\\\/chapiteauxenperigord.fr\\\/#\\\/schema\\\/logo\\\/image\\\/\",\"url\":\"https:\\\/\\\/chapiteauxenperigord.fr\\\/wp-content\\\/uploads\\\/2025\\\/07\\\/logo-chapiteaux-mariage-dordogne-perigord.jpg\",\"contentUrl\":\"https:\\\/\\\/chapiteauxenperigord.fr\\\/wp-content\\\/uploads\\\/2025\\\/07\\\/logo-chapiteaux-mariage-dordogne-perigord.jpg\",\"width\":749,\"height\":749,\"caption\":\"Chapiteaux en P\u00e9rigord : Location de tentes, mat\u00e9riel de r\u00e9ception en Dordogne\"},\"image\":{\"@id\":\"https:\\\/\\\/chapiteauxenperigord.fr\\\/#\\\/schema\\\/logo\\\/image\\\/\"},\"sameAs\":[\"https:\\\/\\\/www.facebook.com\\\/people\\\/Chapiteaux-en-P\u00e9rigord\\\/100057351854568\\\/\",\"https:\\\/\\\/www.instagram.com\\\/chapiteauxenperigord\\\/\"]}]}<\/script>\n<!-- \/ Yoast SEO plugin. -->","yoast_head_json":{"title":"Customers reviews Rental wedding marquees in Dordogne, Gironde...","description":"Discover the customer reviews. Chapiteaux in P\u00e9rigord offers rental of tents and reception equipment for weddings and events in Dordogne 24","robots":{"index":"index","follow":"follow","max-snippet":"max-snippet:-1","max-image-preview":"max-image-preview:large","max-video-preview":"max-video-preview:-1"},"canonical":"https:\/\/chapiteauxenperigord.fr\/en\/customer-reviews-marquee-and-event-rental-dordogne-24\/","og_locale":"en_US","og_type":"article","og_title":"Customers reviews Rental wedding marquees in Dordogne, Gironde...","og_description":"Discover the customer reviews. Chapiteaux in P\u00e9rigord offers rental of tents and reception equipment for weddings and events in Dordogne 24","og_url":"https:\/\/chapiteauxenperigord.fr\/en\/customer-reviews-marquee-and-event-rental-dordogne-24\/","og_site_name":"Chapiteaux en P\u00e9rigord","article_publisher":"https:\/\/www.facebook.com\/people\/Chapiteaux-en-P%c3%a9rigord\/100057351854568\/","article_modified_time":"2025-07-04T09:04:58+00:00","og_image":[{"url":"https:\/\/cdn1.mariages.net\/assets\/img\/logos\/gen_logoHeader.svg","type":"","width":"","height":""}],"twitter_card":"summary_large_image","twitter_misc":{"Est. reading time":"1 minute"},"schema":{"@context":"https:\/\/schema.org","@graph":[{"@type":"WebPage","@id":"https:\/\/chapiteauxenperigord.fr\/en\/customer-reviews-marquee-and-event-rental-dordogne-24\/","url":"https:\/\/chapiteauxenperigord.fr\/en\/customer-reviews-marquee-and-event-rental-dordogne-24\/","name":"Customers reviews Rental wedding marquees in Dordogne, Gironde...","isPartOf":{"@id":"https:\/\/chapiteauxenperigord.fr\/#website"},"primaryImageOfPage":{"@id":"https:\/\/chapiteauxenperigord.fr\/en\/customer-reviews-marquee-and-event-rental-dordogne-24\/#primaryimage"},"image":{"@id":"https:\/\/chapiteauxenperigord.fr\/en\/customer-reviews-marquee-and-event-rental-dordogne-24\/#primaryimage"},"thumbnailUrl":"https:\/\/cdn1.mariages.net\/assets\/img\/logos\/gen_logoHeader.svg","datePublished":"2025-03-27T15:53:30+00:00","dateModified":"2025-07-04T09:04:58+00:00","description":"Discover the customer reviews. Chapiteaux in P\u00e9rigord offers rental of tents and reception equipment for weddings and events in Dordogne 24","breadcrumb":{"@id":"https:\/\/chapiteauxenperigord.fr\/en\/customer-reviews-marquee-and-event-rental-dordogne-24\/#breadcrumb"},"inLanguage":"en-US","potentialAction":[{"@type":"ReadAction","target":["https:\/\/chapiteauxenperigord.fr\/en\/customer-reviews-marquee-and-event-rental-dordogne-24\/"]}]},{"@type":"ImageObject","inLanguage":"en-US","@id":"https:\/\/chapiteauxenperigord.fr\/en\/customer-reviews-marquee-and-event-rental-dordogne-24\/#primaryimage","url":"https:\/\/cdn1.mariages.net\/assets\/img\/logos\/gen_logoHeader.svg","contentUrl":"https:\/\/cdn1.mariages.net\/assets\/img\/logos\/gen_logoHeader.svg"},{"@type":"BreadcrumbList","@id":"https:\/\/chapiteauxenperigord.fr\/en\/customer-reviews-marquee-and-event-rental-dordogne-24\/#breadcrumb","itemListElement":[{"@type":"ListItem","position":1,"name":"Accueil","item":"https:\/\/chapiteauxenperigord.fr\/en\/home\/"},{"@type":"ListItem","position":2,"name":"Customer reviews"}]},{"@type":"WebSite","@id":"https:\/\/chapiteauxenperigord.fr\/#website","url":"https:\/\/chapiteauxenperigord.fr\/","name":"Chapiteaux en P\u00e9rigord : Location de tentes, mat\u00e9riel de r\u00e9ception en Dordogne 24 Bergerac, P\u00e9rigueux, Sarlat...","description":"Location de chapiteaux pour mariages et mat\u00e9riel de r\u00e9ception en Dordogne 24 - Chapiteaux en P\u00e9rigord","publisher":{"@id":"https:\/\/chapiteauxenperigord.fr\/#organization"},"alternateName":"Sp\u00e9cialiste de la locationde mat\u00e9riel de r\u00e9ception en Dordogne 24 et dans les d\u00e9partements limitrophes","potentialAction":[{"@type":"SearchAction","target":{"@type":"EntryPoint","urlTemplate":"https:\/\/chapiteauxenperigord.fr\/?s={search_term_string}"},"query-input":{"@type":"PropertyValueSpecification","valueRequired":true,"valueName":"search_term_string"}}],"inLanguage":"en-US"},{"@type":"Organization","@id":"https:\/\/chapiteauxenperigord.fr\/#organization","name":"Chapiteaux en P\u00e9rigord : Location de tentes, mat\u00e9riel de r\u00e9ception en Dordogne","alternateName":"Chapiteaux en P\u00e9rigord","url":"https:\/\/chapiteauxenperigord.fr\/","logo":{"@type":"ImageObject","inLanguage":"en-US","@id":"https:\/\/chapiteauxenperigord.fr\/#\/schema\/logo\/image\/","url":"https:\/\/chapiteauxenperigord.fr\/wp-content\/uploads\/2025\/07\/logo-chapiteaux-mariage-dordogne-perigord.jpg","contentUrl":"https:\/\/chapiteauxenperigord.fr\/wp-content\/uploads\/2025\/07\/logo-chapiteaux-mariage-dordogne-perigord.jpg","width":749,"height":749,"caption":"Chapiteaux en P\u00e9rigord : Location de tentes, mat\u00e9riel de r\u00e9ception en Dordogne"},"image":{"@id":"https:\/\/chapiteauxenperigord.fr\/#\/schema\/logo\/image\/"},"sameAs":["https:\/\/www.facebook.com\/people\/Chapiteaux-en-P\u00e9rigord\/100057351854568\/","https:\/\/www.instagram.com\/chapiteauxenperigord\/"]}]}},"_links":{"self":[{"href":"https:\/\/chapiteauxenperigord.fr\/en\/wp-json\/wp\/v2\/pages\/4330","targetHints":{"allow":["GET"]}}],"collection":[{"href":"https:\/\/chapiteauxenperigord.fr\/en\/wp-json\/wp\/v2\/pages"}],"about":[{"href":"https:\/\/chapiteauxenperigord.fr\/en\/wp-json\/wp\/v2\/types\/page"}],"author":[{"embeddable":true,"href":"https:\/\/chapiteauxenperigord.fr\/en\/wp-json\/wp\/v2\/users\/1"}],"replies":[{"embeddable":true,"href":"https:\/\/chapiteauxenperigord.fr\/en\/wp-json\/wp\/v2\/comments?post=4330"}],"version-history":[{"count":0,"href":"https:\/\/chapiteauxenperigord.fr\/en\/wp-json\/wp\/v2\/pages\/4330\/revisions"}],"wp:attachment":[{"href":"https:\/\/chapiteauxenperigord.fr\/en\/wp-json\/wp\/v2\/media?parent=4330"}],"curies":[{"name":"wp","href":"https:\/\/api.w.org\/{rel}","templated":true}]}}