{"id":4321,"date":"2025-03-27T15:07:28","date_gmt":"2025-03-27T14:07:28","guid":{"rendered":"https:\/\/chapiteauxenperigord.fr\/devis\/"},"modified":"2026-03-06T15:19:37","modified_gmt":"2026-03-06T14:19:37","slug":"quote-wedding-reception-equipment-rental-dordogne-marquees-tents-furniture-24","status":"publish","type":"page","link":"https:\/\/chapiteauxenperigord.fr\/en\/quote-wedding-reception-equipment-rental-dordogne-marquees-tents-furniture-24\/","title":{"rendered":"Quote"},"content":{"rendered":"\n<style type=\"text\/css\" data-created_by=\"avia_inline_auto\" id=\"style-css-av-37wxso-402a7559a248bc80ce42f3d9cd13f518\">\n.avia-section.av-37wxso-402a7559a248bc80ce42f3d9cd13f518 .av-extra-border-element .av-extra-border-inner{\nbackground-color:#ffffff;\n}\n<\/style>\n<div id='av_section_1'  class='avia-section av-37wxso-402a7559a248bc80ce42f3d9cd13f518 main_color avia-section-large avia-no-border-styling  avia-builder-el-0  avia-builder-el-no-sibling  avia-bg-style-scroll av-arrow-down-section container_wrap sidebar_right'  ><div class='container av-section-cont-open' ><main  role=\"main\" itemprop=\"mainContentOfPage\"  class='template-page content  av-content-small alpha units'><div class='post-entry post-entry-type-page post-entry-4321'><div class='entry-content-wrapper clearfix'>\n\n<style type=\"text\/css\" data-created_by=\"avia_inline_auto\" id=\"style-css-av-2vvieg-fec099980f559e0a953bc8c30478050e\">\n.flex_column.av-2vvieg-fec099980f559e0a953bc8c30478050e{\nborder-radius:0px 0px 0px 0px;\npadding:0px 0px 0px 0px;\n}\n<\/style>\n<div  class='flex_column av-2vvieg-fec099980f559e0a953bc8c30478050e av_one_full  avia-builder-el-1  el_before_av_textblock  avia-builder-el-first  first flex_column_div av-zero-column-padding  '     ><p>\n<style type=\"text\/css\" data-created_by=\"avia_inline_auto\" id=\"style-css-av-30uv6w-55af025cad151703aa45d6a2a86ebb1d\">\n#top .av-special-heading.av-30uv6w-55af025cad151703aa45d6a2a86ebb1d{\npadding-bottom:20px;\ncolor:#c4b197;\nfont-size:40px;\n}\nbody .av-special-heading.av-30uv6w-55af025cad151703aa45d6a2a86ebb1d .av-special-heading-tag .heading-char{\nfont-size:25px;\n}\n#top #wrap_all .av-special-heading.av-30uv6w-55af025cad151703aa45d6a2a86ebb1d .av-special-heading-tag{\nfont-size:40px;\n}\n.av-special-heading.av-30uv6w-55af025cad151703aa45d6a2a86ebb1d .special-heading-inner-border{\nborder-color:#c4b197;\n}\n.av-special-heading.av-30uv6w-55af025cad151703aa45d6a2a86ebb1d .av-subheading{\nfont-size:15px;\n}\n\n@media only screen and (min-width: 480px) and (max-width: 767px){ \n#top #wrap_all .av-special-heading.av-30uv6w-55af025cad151703aa45d6a2a86ebb1d .av-special-heading-tag{\nfont-size:0.8em;\n}\n}\n\n@media only screen and (max-width: 479px){ \n#top #wrap_all .av-special-heading.av-30uv6w-55af025cad151703aa45d6a2a86ebb1d .av-special-heading-tag{\nfont-size:0.8em;\n}\n}\n<\/style>\n<div  class='av-special-heading av-30uv6w-55af025cad151703aa45d6a2a86ebb1d av-special-heading-h2 custom-color-heading blockquote modern-quote  avia-builder-el-2  el_before_av_contact  avia-builder-el-first  av-inherit-size'><h2 class='av-special-heading-tag '  itemprop=\"headline\"  >Request for a quote<\/h2><div class=\"special-heading-border\"><div class=\"special-heading-inner-border\"><\/div><\/div><\/div><br \/>\n<form action=\"https:\/\/chapiteauxenperigord.fr\/en\/quote-wedding-reception-equipment-rental-dordogne-marquees-tents-furniture-24\/\" method=\"post\" data-fields-with-error=\"Found errors in the following field(s):\" class=\"avia_ajax_form av-form-labels-hidden   avia-builder-el-3  el_after_av_heading  avia-builder-el-last   \" data-avia-form-id=\"1\" data-avia-redirect=''  aria-label='Formulaire de contact' ><fieldset><p class='  first_form  form_element form_element_half' id='element_avia_1_1'><label for=\"avia_1_1\">Name <abbr class=\"required\" title=\"required\">*<\/abbr><\/label> <input name=\"avia_1_1\" class=\"text_input is_empty\" type=\"text\" id=\"avia_1_1\" value=\"\"  placeholder='Name*'\/><\/p><p class='  form_element form_element_half' id='element_avia_2_1'><label for=\"avia_2_1\">First name<\/label> <input name=\"avia_2_1\" class=\"text_input \" type=\"text\" id=\"avia_2_1\" value=\"\"  placeholder='First name'\/><\/p><p class='  first_form  form_element form_element_two_third' id='element_avia_3_1'><label for=\"avia_3_1\">Email <abbr class=\"required\" title=\"required\">*<\/abbr><\/label> <input name=\"avia_3_1\" class=\"text_input is_email\" type=\"text\" id=\"avia_3_1\" value=\"\"  placeholder='Email*'\/><\/p><p class='  form_element form_element_third' id='element_avia_4_1'><label for=\"avia_4_1\">Phone <abbr class=\"required\" title=\"required\">*<\/abbr><\/label> <input name=\"avia_4_1\" class=\"text_input is_empty\" type=\"text\" id=\"avia_4_1\" value=\"\"  placeholder='Phone*'\/><\/p><p class='  first_form  form_element form_fullwidth' id='element_avia_5_1'><label for=\"avia_5_1\">Address <abbr class=\"required\" title=\"required\">*<\/abbr><\/label> <input name=\"avia_5_1\" class=\"text_input is_empty\" type=\"text\" id=\"avia_5_1\" value=\"\"  placeholder='Address*'\/><\/p><p class='  first_form  form_element form_element_third' id='element_avia_6_1'><label for=\"avia_6_1\">Post code <abbr class=\"required\" title=\"required\">*<\/abbr><\/label> <input name=\"avia_6_1\" class=\"text_input is_empty\" type=\"text\" id=\"avia_6_1\" value=\"\"  placeholder='Post code*'\/><\/p><p class='  form_element form_element_two_third' id='element_avia_7_1'><label for=\"avia_7_1\">City <abbr class=\"required\" title=\"required\">*<\/abbr><\/label> <input name=\"avia_7_1\" class=\"text_input is_empty\" type=\"text\" id=\"avia_7_1\" value=\"\"  placeholder='City*'\/><\/p><p id='element_avia_8_1' class=' first_form  form_element form_fullwidth av-form-empty-line '> <\/p><div id='avia_9_1' class='av-form-text'><p>\n<strong>YOUR NEEDS:<\/strong><\/p>\n<\/div><p class='  first_form  form_element form_element_third' id='element_avia_10_1'><input  name=\"avia_10_1\" class=\"input_checkbox \" type=\"checkbox\" id=\"avia_10_1\" value=\"true\"\/><label class=\"input_checkbox_label\" for=\"avia_10_1\">Marquees or tents<\/label><\/p><p class='  form_element form_element_third' id='element_avia_11_1'><input  name=\"avia_11_1\" class=\"input_checkbox \" type=\"checkbox\" id=\"avia_11_1\" value=\"true\"\/><label class=\"input_checkbox_label\" for=\"avia_11_1\">Sleeping tipi<\/label><\/p><p class='  form_element form_element_third' id='element_avia_12_1'><input  name=\"avia_12_1\" class=\"input_checkbox \" type=\"checkbox\" id=\"avia_12_1\" value=\"true\"\/><label class=\"input_checkbox_label\" for=\"avia_12_1\">Reception furniture (tables, chairs...)<\/label><\/p><p class='  first_form  form_element form_element_third' id='element_avia_13_1'><input  name=\"avia_13_1\" class=\"input_checkbox \" type=\"checkbox\" id=\"avia_13_1\" value=\"true\"\/><label class=\"input_checkbox_label\" for=\"avia_13_1\">Heating or air conditioning<\/label><\/p><p class='  form_element form_element_third' id='element_avia_14_1'><input  name=\"avia_14_1\" class=\"input_checkbox \" type=\"checkbox\" id=\"avia_14_1\" value=\"true\"\/><label class=\"input_checkbox_label\" for=\"avia_14_1\">Floor<\/label><\/p><p class='  form_element form_element_third' id='element_avia_15_1'><input  name=\"avia_15_1\" class=\"input_checkbox \" type=\"checkbox\" id=\"avia_15_1\" value=\"true\"\/><label class=\"input_checkbox_label\" for=\"avia_15_1\">Dance floor<\/label><\/p><p class='  first_form  form_element form_element_third' id='element_avia_16_1'><input  name=\"avia_16_1\" class=\"input_checkbox \" type=\"checkbox\" id=\"avia_16_1\" value=\"true\"\/><label class=\"input_checkbox_label\" for=\"avia_16_1\">Generator<\/label><\/p><p class='  form_element form_element_third' id='element_avia_17_1'><input  name=\"avia_17_1\" class=\"input_checkbox \" type=\"checkbox\" id=\"avia_17_1\" value=\"true\"\/><label class=\"input_checkbox_label\" for=\"avia_17_1\">Mobile toilets<\/label><\/p><p class='  form_element form_element_third' id='element_avia_18_1'><input  name=\"avia_18_1\" class=\"input_checkbox \" type=\"checkbox\" id=\"avia_18_1\" value=\"true\"\/><label class=\"input_checkbox_label\" for=\"avia_18_1\">Sanitary blocks with showers<\/label><\/p><p id='element_avia_19_1' class=' first_form  form_element form_fullwidth av-form-empty-line '> <\/p><p class='  first_form  form_element form_element_third' id='element_avia_20_1'><label for=\"avia_20_1\">Date of the event<\/label> <input name=\"avia_20_1\" class=\"avia_datepicker text_input \" type=\"text\" id=\"avia_20_1\" value=\"\" placeholder=\"Date of the event\" inputmode=\"none\" \/><\/p><p class='  form_element form_element_third' id='element_avia_21_1'><label for=\"avia_21_1\">Number of people <abbr class=\"required\" title=\"required\">*<\/abbr><\/label> <input name=\"avia_21_1\" class=\"text_input is_empty\" type=\"text\" id=\"avia_21_1\" value=\"\"  placeholder='Number of people*'\/><\/p><p class='  form_element form_element_third' id='element_avia_22_1'><label for=\"avia_22_1\">Place of reception <abbr class=\"required\" title=\"required\">*<\/abbr><\/label> <input name=\"avia_22_1\" class=\"text_input is_empty\" type=\"text\" id=\"avia_22_1\" value=\"\"  placeholder='Place of reception*'\/><\/p><p class='  first_form  form_element form_element_third' id='element_avia_23_1'><label for=\"avia_23_1\">Access <abbr class=\"required\" title=\"required\">*<\/abbr><\/label><select  name=\"avia_23_1\" class=\"select is_empty\" id=\"avia_23_1\"><option class=\"av-placeholder\" disabled=\"disabled\" selected=\"selected\" value=''>Access*<\/option><option   value='Access to heavy goods vehicles possible'>Access to heavy goods vehicles possible<\/option><option   value='Limited access to light trucks and vans'>Limited access to light trucks and vans<\/option><option   value='Access only by trailer or utility vehicle'>Access only by trailer or utility vehicle<\/option><option   value='Restricted access (narrow path - slope...)'>Restricted access (narrow path - slope...)<\/option><option   value='Pedestrian access only (remote unloading required)'>Pedestrian access only (remote unloading required)<\/option><\/select><\/p><p class='  form_element form_element_third' id='element_avia_24_1'><label for=\"avia_24_1\">Nature of soil <abbr class=\"required\" title=\"required\">*<\/abbr><\/label><select  name=\"avia_24_1\" class=\"select is_empty\" id=\"avia_24_1\"><option class=\"av-placeholder\" disabled=\"disabled\" selected=\"selected\" value=''>Nature of soil*<\/option><option   value='Grass\/soil'>Grass\/soil<\/option><option   value='Gravel'>Gravel<\/option><option   value='Bitumen'>Bitumen<\/option><option   value='Concrete slab'>Concrete slab<\/option><option   value='Cobblestones\/stone'>Cobblestones\/stone<\/option><option   value='Wood'>Wood<\/option><\/select><\/p><p class='  form_element form_element_third' id='element_avia_25_1'><label for=\"avia_25_1\">Uneven <abbr class=\"required\" title=\"required\">*<\/abbr><\/label><select  name=\"avia_25_1\" class=\"select is_empty\" id=\"avia_25_1\"><option class=\"av-placeholder\" disabled=\"disabled\" selected=\"selected\" value=''>Uneven*<\/option><option   value='Flat ground'>Flat ground<\/option><option   value='Slightly steep'>Slightly steep<\/option><option   value='Very steep'>Very steep<\/option><\/select><\/p><p class='  first_form  form_element form_fullwidth' id='element_avia_26_1'><label for=\"avia_26_1\" class=\"textare_label hidden textare_label_avia_26_1\">Message and additional information<\/label><textarea  placeholder='Message and additional information' name=\"avia_26_1\" class=\"text_area \" cols=\"40\" rows=\"7\" id=\"avia_26_1\" ><\/textarea><\/p><p class='  first_form  form_element form_fullwidth' id='element_avia_27_1'><input  name=\"avia_27_1\" class=\"input_checkbox is_empty\" type=\"checkbox\" id=\"avia_27_1\" value=\"true\"\/><label class=\"input_checkbox_label\" for=\"avia_27_1\">By submitting this form, I agree that the information entered will be used for follow-up of my request <abbr class=\"required\" title=\"required\">*<\/abbr><\/label><\/p><p class=\"hidden\"><input type=\"text\" name=\"avia_28_1\" class=\"hidden \" id=\"avia_28_1\" value=\"\" \/><\/p><div id='avia_29_1' class='av-recaptcha-area  first_form  form_element form_fullwidth '  data-container_class=\"\" data-custom_class=\"\" data-context=\"av_contact_form\" data-token_input=\"av_recaptcha_token\" data-version=\"avia_recaptcha_v3\" data-theme=\"light\" data-size=\"normal\" data-score=\"0.5\" data-text_to_preview=\"\" data-value=\"\"><div class=\"av-google-badge-message hidden\">This site is protected by reCAPTCHA and the Google <a href=\"https:\/\/policies.google.com\/privacy\">Privacy Policy<\/a> and <a href=\"https:\/\/policies.google.com\/terms\">Terms of Service<\/a> apply.<\/div><\/div><p class=\"form_element \"><input type=\"hidden\" value=\"1\" name=\"avia_generated_form1\" \/><input type=\"submit\" value=\"Send your request for quotation\" class=\"button\"  data-sending-label=\"Sending\"\/><\/p><\/fieldset><div class=\"avia-disabled-form\">This contact form is deactivated because you refused to accept Google reCaptcha service which is necessary to validate any messages sent by the form.<\/div><\/form><div id=\"ajaxresponse_1\" class=\"ajaxresponse ajaxresponse_1 hidden\"><\/div><\/p><\/div>\n<style type=\"text\/css\" data-created_by=\"avia_inline_auto\" id=\"style-css-av-m8rezehf-efcc0ef5b1b3dd8446f440aa0a7d3423\">\n#top .av_textblock_section.av-m8rezehf-efcc0ef5b1b3dd8446f440aa0a7d3423 .avia_textblock{\ncolor:#585148;\n}\n<\/style>\n<section  class='av_textblock_section av-m8rezehf-efcc0ef5b1b3dd8446f440aa0a7d3423 '   itemscope=\"itemscope\" itemtype=\"https:\/\/schema.org\/CreativeWork\" ><div class='avia_textblock av_inherit_color'  itemprop=\"text\" ><p>To know and exercise your rights, including withdrawal of your consent to the use of data collected by this form, please consult <a href=\"https:\/\/chapiteauxenperigord.fr\/mentions-legales\/\">our privacy policy<\/a>.<\/p>\n<\/div><\/section>\n<\/div><\/div><\/main><!-- close content main element --><\/div><div class='av-extra-border-element border-extra-arrow-down'><div class='av-extra-border-outer'><div class='av-extra-border-inner'><\/div><\/div><\/div><\/div><div id='after_section_1'  class='main_color av_default_container_wrap container_wrap sidebar_right'  ><div class='container av-section-cont-open' ><div class='template-page content  av-content-small alpha units'><div class='post-entry post-entry-type-page post-entry-4321'><div class='entry-content-wrapper clearfix'>\n","protected":false},"excerpt":{"rendered":"","protected":false},"author":1,"featured_media":0,"parent":0,"menu_order":0,"comment_status":"closed","ping_status":"closed","template":"","meta":{"footnotes":""},"class_list":["post-4321","page","type-page","status-publish","hentry"],"yoast_head":"<!-- This site is optimized with the Yoast SEO plugin v27.4 - https:\/\/yoast.com\/product\/yoast-seo-wordpress\/ -->\n<title>Request for quote for rental of marquees, wedding tents in Dordogne<\/title>\n<meta name=\"description\" content=\"Get a quick quote for the rental of marquees, tents and reception equipment in Dordogne 24 and neighboring departments. Wedding, private or professional event.\" \/>\n<meta name=\"robots\" content=\"index, follow, max-snippet:-1, max-image-preview:large, max-video-preview:-1\" \/>\n<link rel=\"canonical\" href=\"https:\/\/chapiteauxenperigord.fr\/en\/quote-wedding-reception-equipment-rental-dordogne-marquees-tents-furniture-24\/\" \/>\n<meta property=\"og:locale\" content=\"en_US\" \/>\n<meta property=\"og:type\" content=\"article\" \/>\n<meta property=\"og:title\" content=\"Request for quote for rental of marquees, wedding tents in Dordogne\" \/>\n<meta property=\"og:description\" content=\"Get a quick quote for the rental of marquees, tents and reception equipment in Dordogne 24 and neighboring departments. Wedding, private or professional event.\" \/>\n<meta property=\"og:url\" content=\"https:\/\/chapiteauxenperigord.fr\/en\/quote-wedding-reception-equipment-rental-dordogne-marquees-tents-furniture-24\/\" \/>\n<meta property=\"og:site_name\" content=\"Chapiteaux en P\u00e9rigord\" \/>\n<meta property=\"article:publisher\" content=\"https:\/\/www.facebook.com\/people\/Chapiteaux-en-P%c3%a9rigord\/100057351854568\/\" \/>\n<meta property=\"article:modified_time\" content=\"2026-03-06T14:19:37+00:00\" \/>\n<meta property=\"og:image\" content=\"https:\/\/chapiteauxenperigord.fr\/wp-content\/uploads\/2025\/07\/location-chapiteaux-mariage-dordogne.jpg\" \/>\n\t<meta property=\"og:image:width\" content=\"963\" \/>\n\t<meta property=\"og:image:height\" content=\"635\" \/>\n\t<meta property=\"og:image:type\" content=\"image\/jpeg\" \/>\n<meta name=\"twitter:card\" content=\"summary_large_image\" \/>\n<meta name=\"twitter:label1\" content=\"Est. reading time\" \/>\n\t<meta name=\"twitter:data1\" content=\"2 minutes\" \/>\n<script type=\"application\/ld+json\" class=\"yoast-schema-graph\">{\"@context\":\"https:\\\/\\\/schema.org\",\"@graph\":[{\"@type\":\"WebPage\",\"@id\":\"https:\\\/\\\/chapiteauxenperigord.fr\\\/en\\\/quote-wedding-reception-equipment-rental-dordogne-marquees-tents-furniture-24\\\/\",\"url\":\"https:\\\/\\\/chapiteauxenperigord.fr\\\/en\\\/quote-wedding-reception-equipment-rental-dordogne-marquees-tents-furniture-24\\\/\",\"name\":\"Request for quote for rental of marquees, wedding tents in Dordogne\",\"isPartOf\":{\"@id\":\"https:\\\/\\\/chapiteauxenperigord.fr\\\/#website\"},\"datePublished\":\"2025-03-27T14:07:28+00:00\",\"dateModified\":\"2026-03-06T14:19:37+00:00\",\"description\":\"Get a quick quote for the rental of marquees, tents and reception equipment in Dordogne 24 and neighboring departments. Wedding, private or professional event.\",\"breadcrumb\":{\"@id\":\"https:\\\/\\\/chapiteauxenperigord.fr\\\/en\\\/quote-wedding-reception-equipment-rental-dordogne-marquees-tents-furniture-24\\\/#breadcrumb\"},\"inLanguage\":\"en-US\",\"potentialAction\":[{\"@type\":\"ReadAction\",\"target\":[\"https:\\\/\\\/chapiteauxenperigord.fr\\\/en\\\/quote-wedding-reception-equipment-rental-dordogne-marquees-tents-furniture-24\\\/\"]}]},{\"@type\":\"BreadcrumbList\",\"@id\":\"https:\\\/\\\/chapiteauxenperigord.fr\\\/en\\\/quote-wedding-reception-equipment-rental-dordogne-marquees-tents-furniture-24\\\/#breadcrumb\",\"itemListElement\":[{\"@type\":\"ListItem\",\"position\":1,\"name\":\"Accueil\",\"item\":\"https:\\\/\\\/chapiteauxenperigord.fr\\\/en\\\/home\\\/\"},{\"@type\":\"ListItem\",\"position\":2,\"name\":\"Quote\"}]},{\"@type\":\"WebSite\",\"@id\":\"https:\\\/\\\/chapiteauxenperigord.fr\\\/#website\",\"url\":\"https:\\\/\\\/chapiteauxenperigord.fr\\\/\",\"name\":\"Chapiteaux en P\u00e9rigord : Location de tentes, mat\u00e9riel de r\u00e9ception en Dordogne 24 Bergerac, P\u00e9rigueux, Sarlat...\",\"description\":\"Location de chapiteaux pour mariages et mat\u00e9riel de r\u00e9ception en Dordogne 24 - Chapiteaux en P\u00e9rigord\",\"publisher\":{\"@id\":\"https:\\\/\\\/chapiteauxenperigord.fr\\\/#organization\"},\"alternateName\":\"Sp\u00e9cialiste de la locationde mat\u00e9riel de r\u00e9ception en Dordogne 24 et dans les d\u00e9partements limitrophes\",\"potentialAction\":[{\"@type\":\"SearchAction\",\"target\":{\"@type\":\"EntryPoint\",\"urlTemplate\":\"https:\\\/\\\/chapiteauxenperigord.fr\\\/?s={search_term_string}\"},\"query-input\":{\"@type\":\"PropertyValueSpecification\",\"valueRequired\":true,\"valueName\":\"search_term_string\"}}],\"inLanguage\":\"en-US\"},{\"@type\":\"Organization\",\"@id\":\"https:\\\/\\\/chapiteauxenperigord.fr\\\/#organization\",\"name\":\"Chapiteaux en P\u00e9rigord : Location de tentes, mat\u00e9riel de r\u00e9ception en Dordogne\",\"alternateName\":\"Chapiteaux en P\u00e9rigord\",\"url\":\"https:\\\/\\\/chapiteauxenperigord.fr\\\/\",\"logo\":{\"@type\":\"ImageObject\",\"inLanguage\":\"en-US\",\"@id\":\"https:\\\/\\\/chapiteauxenperigord.fr\\\/#\\\/schema\\\/logo\\\/image\\\/\",\"url\":\"https:\\\/\\\/chapiteauxenperigord.fr\\\/wp-content\\\/uploads\\\/2025\\\/07\\\/logo-chapiteaux-mariage-dordogne-perigord.jpg\",\"contentUrl\":\"https:\\\/\\\/chapiteauxenperigord.fr\\\/wp-content\\\/uploads\\\/2025\\\/07\\\/logo-chapiteaux-mariage-dordogne-perigord.jpg\",\"width\":749,\"height\":749,\"caption\":\"Chapiteaux en P\u00e9rigord : Location de tentes, mat\u00e9riel de r\u00e9ception en Dordogne\"},\"image\":{\"@id\":\"https:\\\/\\\/chapiteauxenperigord.fr\\\/#\\\/schema\\\/logo\\\/image\\\/\"},\"sameAs\":[\"https:\\\/\\\/www.facebook.com\\\/people\\\/Chapiteaux-en-P\u00e9rigord\\\/100057351854568\\\/\",\"https:\\\/\\\/www.instagram.com\\\/chapiteauxenperigord\\\/\"]}]}<\/script>\n<!-- \/ Yoast SEO plugin. -->","yoast_head_json":{"title":"Request for quote for rental of marquees, wedding tents in Dordogne","description":"Get a quick quote for the rental of marquees, tents and reception equipment in Dordogne 24 and neighboring departments. Wedding, private or professional event.","robots":{"index":"index","follow":"follow","max-snippet":"max-snippet:-1","max-image-preview":"max-image-preview:large","max-video-preview":"max-video-preview:-1"},"canonical":"https:\/\/chapiteauxenperigord.fr\/en\/quote-wedding-reception-equipment-rental-dordogne-marquees-tents-furniture-24\/","og_locale":"en_US","og_type":"article","og_title":"Request for quote for rental of marquees, wedding tents in Dordogne","og_description":"Get a quick quote for the rental of marquees, tents and reception equipment in Dordogne 24 and neighboring departments. Wedding, private or professional event.","og_url":"https:\/\/chapiteauxenperigord.fr\/en\/quote-wedding-reception-equipment-rental-dordogne-marquees-tents-furniture-24\/","og_site_name":"Chapiteaux en P\u00e9rigord","article_publisher":"https:\/\/www.facebook.com\/people\/Chapiteaux-en-P%c3%a9rigord\/100057351854568\/","article_modified_time":"2026-03-06T14:19:37+00:00","og_image":[{"width":963,"height":635,"url":"https:\/\/chapiteauxenperigord.fr\/wp-content\/uploads\/2025\/07\/location-chapiteaux-mariage-dordogne.jpg","type":"image\/jpeg"}],"twitter_card":"summary_large_image","twitter_misc":{"Est. reading time":"2 minutes"},"schema":{"@context":"https:\/\/schema.org","@graph":[{"@type":"WebPage","@id":"https:\/\/chapiteauxenperigord.fr\/en\/quote-wedding-reception-equipment-rental-dordogne-marquees-tents-furniture-24\/","url":"https:\/\/chapiteauxenperigord.fr\/en\/quote-wedding-reception-equipment-rental-dordogne-marquees-tents-furniture-24\/","name":"Request for quote for rental of marquees, wedding tents in Dordogne","isPartOf":{"@id":"https:\/\/chapiteauxenperigord.fr\/#website"},"datePublished":"2025-03-27T14:07:28+00:00","dateModified":"2026-03-06T14:19:37+00:00","description":"Get a quick quote for the rental of marquees, tents and reception equipment in Dordogne 24 and neighboring departments. Wedding, private or professional event.","breadcrumb":{"@id":"https:\/\/chapiteauxenperigord.fr\/en\/quote-wedding-reception-equipment-rental-dordogne-marquees-tents-furniture-24\/#breadcrumb"},"inLanguage":"en-US","potentialAction":[{"@type":"ReadAction","target":["https:\/\/chapiteauxenperigord.fr\/en\/quote-wedding-reception-equipment-rental-dordogne-marquees-tents-furniture-24\/"]}]},{"@type":"BreadcrumbList","@id":"https:\/\/chapiteauxenperigord.fr\/en\/quote-wedding-reception-equipment-rental-dordogne-marquees-tents-furniture-24\/#breadcrumb","itemListElement":[{"@type":"ListItem","position":1,"name":"Accueil","item":"https:\/\/chapiteauxenperigord.fr\/en\/home\/"},{"@type":"ListItem","position":2,"name":"Quote"}]},{"@type":"WebSite","@id":"https:\/\/chapiteauxenperigord.fr\/#website","url":"https:\/\/chapiteauxenperigord.fr\/","name":"Chapiteaux en P\u00e9rigord : Location de tentes, mat\u00e9riel de r\u00e9ception en Dordogne 24 Bergerac, P\u00e9rigueux, Sarlat...","description":"Location de chapiteaux pour mariages et mat\u00e9riel de r\u00e9ception en Dordogne 24 - Chapiteaux en P\u00e9rigord","publisher":{"@id":"https:\/\/chapiteauxenperigord.fr\/#organization"},"alternateName":"Sp\u00e9cialiste de la locationde mat\u00e9riel de r\u00e9ception en Dordogne 24 et dans les d\u00e9partements limitrophes","potentialAction":[{"@type":"SearchAction","target":{"@type":"EntryPoint","urlTemplate":"https:\/\/chapiteauxenperigord.fr\/?s={search_term_string}"},"query-input":{"@type":"PropertyValueSpecification","valueRequired":true,"valueName":"search_term_string"}}],"inLanguage":"en-US"},{"@type":"Organization","@id":"https:\/\/chapiteauxenperigord.fr\/#organization","name":"Chapiteaux en P\u00e9rigord : Location de tentes, mat\u00e9riel de r\u00e9ception en Dordogne","alternateName":"Chapiteaux en P\u00e9rigord","url":"https:\/\/chapiteauxenperigord.fr\/","logo":{"@type":"ImageObject","inLanguage":"en-US","@id":"https:\/\/chapiteauxenperigord.fr\/#\/schema\/logo\/image\/","url":"https:\/\/chapiteauxenperigord.fr\/wp-content\/uploads\/2025\/07\/logo-chapiteaux-mariage-dordogne-perigord.jpg","contentUrl":"https:\/\/chapiteauxenperigord.fr\/wp-content\/uploads\/2025\/07\/logo-chapiteaux-mariage-dordogne-perigord.jpg","width":749,"height":749,"caption":"Chapiteaux en P\u00e9rigord : Location de tentes, mat\u00e9riel de r\u00e9ception en Dordogne"},"image":{"@id":"https:\/\/chapiteauxenperigord.fr\/#\/schema\/logo\/image\/"},"sameAs":["https:\/\/www.facebook.com\/people\/Chapiteaux-en-P\u00e9rigord\/100057351854568\/","https:\/\/www.instagram.com\/chapiteauxenperigord\/"]}]}},"_links":{"self":[{"href":"https:\/\/chapiteauxenperigord.fr\/en\/wp-json\/wp\/v2\/pages\/4321","targetHints":{"allow":["GET"]}}],"collection":[{"href":"https:\/\/chapiteauxenperigord.fr\/en\/wp-json\/wp\/v2\/pages"}],"about":[{"href":"https:\/\/chapiteauxenperigord.fr\/en\/wp-json\/wp\/v2\/types\/page"}],"author":[{"embeddable":true,"href":"https:\/\/chapiteauxenperigord.fr\/en\/wp-json\/wp\/v2\/users\/1"}],"replies":[{"embeddable":true,"href":"https:\/\/chapiteauxenperigord.fr\/en\/wp-json\/wp\/v2\/comments?post=4321"}],"version-history":[{"count":2,"href":"https:\/\/chapiteauxenperigord.fr\/en\/wp-json\/wp\/v2\/pages\/4321\/revisions"}],"predecessor-version":[{"id":4615,"href":"https:\/\/chapiteauxenperigord.fr\/en\/wp-json\/wp\/v2\/pages\/4321\/revisions\/4615"}],"wp:attachment":[{"href":"https:\/\/chapiteauxenperigord.fr\/en\/wp-json\/wp\/v2\/media?parent=4321"}],"curies":[{"name":"wp","href":"https:\/\/api.w.org\/{rel}","templated":true}]}}