{"id":4313,"date":"2025-03-24T13:31:17","date_gmt":"2025-03-24T12:31:17","guid":{"rendered":"https:\/\/chapiteauxenperigord.fr\/actualites\/"},"modified":"2025-07-04T11:07:20","modified_gmt":"2025-07-04T09:07:20","slug":"news-marquee-rental-wedding-reception-equipment-dordogne-24","status":"publish","type":"page","link":"https:\/\/chapiteauxenperigord.fr\/en\/news-marquee-rental-wedding-reception-equipment-dordogne-24\/","title":{"rendered":"News"},"content":{"rendered":"\n<style type=\"text\/css\" data-created_by=\"avia_inline_auto\" id=\"style-css-av-9i99lw-bb638f30d19b2c49e5afdd1054a9e8dc\">\n.avia-section.av-9i99lw-bb638f30d19b2c49e5afdd1054a9e8dc .av-parallax .av-parallax-inner{\nbackground-repeat:no-repeat;\nbackground-image:url(https:\/\/chapiteauxenperigord.fr\/wp-content\/uploads\/2025\/03\/header-chapi-news.jpg);\nbackground-position:50% 50%;\nbackground-attachment:scroll;\n}\n.avia-section.av-9i99lw-bb638f30d19b2c49e5afdd1054a9e8dc .av-section-color-overlay{\nopacity:0.3;\nbackground-color:#000000;\n}\n<\/style>\n<div id='av_section_1'  class='avia-section av-9i99lw-bb638f30d19b2c49e5afdd1054a9e8dc main_color avia-section-huge avia-no-shadow  avia-builder-el-0  el_before_av_blog  avia-builder-el-first  avia-full-stretch av-parallax-section avia-bg-style-parallax av-section-color-overlay-active container_wrap sidebar_right'  data-section-bg-repeat='stretch'><div class='av-parallax' data-avia-parallax-ratio='0.3' ><div class='av-parallax-inner main_color avia-full-stretch'><\/div><\/div><div class=\"av-section-color-overlay-wrap\"><div class=\"av-section-color-overlay\"><\/div><div class='container av-section-cont-open' ><main  role=\"main\" itemprop=\"mainContentOfPage\"  class='template-page content  av-content-small alpha units'><div class='post-entry post-entry-type-page post-entry-4313'><div class='entry-content-wrapper clearfix'>\n\n<style type=\"text\/css\" data-created_by=\"avia_inline_auto\" id=\"style-css-av-78kdp0-b0fd293d73d77f7d70e00c2b13d7a587\">\n#top .av-special-heading.av-78kdp0-b0fd293d73d77f7d70e00c2b13d7a587{\npadding-bottom:0;\ncolor:#ffffff;\nfont-size:42px;\n}\nbody .av-special-heading.av-78kdp0-b0fd293d73d77f7d70e00c2b13d7a587 .av-special-heading-tag .heading-char{\nfont-size:25px;\n}\n#top #wrap_all .av-special-heading.av-78kdp0-b0fd293d73d77f7d70e00c2b13d7a587 .av-special-heading-tag{\nfont-size:42px;\n}\n.av-special-heading.av-78kdp0-b0fd293d73d77f7d70e00c2b13d7a587 .special-heading-inner-border{\nborder-color:#ffffff;\n}\n.av-special-heading.av-78kdp0-b0fd293d73d77f7d70e00c2b13d7a587 .av-subheading{\nfont-size:22px;\n}\n\n@media only screen and (min-width: 480px) and (max-width: 767px){ \n#top #wrap_all .av-special-heading.av-78kdp0-b0fd293d73d77f7d70e00c2b13d7a587 .av-special-heading-tag{\nfont-size:0.8em;\n}\n}\n\n@media only screen and (max-width: 479px){ \n#top #wrap_all .av-special-heading.av-78kdp0-b0fd293d73d77f7d70e00c2b13d7a587 .av-special-heading-tag{\nfont-size:0.8em;\n}\n}\n<\/style>\n<div  class='av-special-heading av-78kdp0-b0fd293d73d77f7d70e00c2b13d7a587 av-special-heading-h1 custom-color-heading blockquote modern-quote modern-centered  avia-builder-el-1  el_before_av_hr  avia-builder-el-first  av-inherit-size'><h1 class='av-special-heading-tag '  itemprop=\"headline\"  ><span class='special_amp'>\u201c<\/span>Chapi\u2019News<span class='special_amp'>\u201d<\/span><\/h1><div class='av_custom_color av-subheading av-subheading_below'><p>News of Chapiteaux in P\u00e9rigord &#8211; Rental of reception furniture in Dordogne<\/p>\n<\/div><div class=\"special-heading-border\"><div class=\"special-heading-inner-border\"><\/div><\/div><\/div>\n\n<style type=\"text\/css\" data-created_by=\"avia_inline_auto\" id=\"style-css-av-551rbo-662efa7aaeebc7af4d30aaefaa81ead1\">\n#top .hr.av-551rbo-662efa7aaeebc7af4d30aaefaa81ead1{\nmargin-top:10px;\nmargin-bottom:0;\n}\n.hr.av-551rbo-662efa7aaeebc7af4d30aaefaa81ead1 .hr-inner{\nwidth:100px;\nborder-color:#ffffff;\n}\n<\/style>\n<div  class='hr av-551rbo-662efa7aaeebc7af4d30aaefaa81ead1 hr-custom  avia-builder-el-2  el_after_av_heading  avia-builder-el-last  hr-center hr-icon-no'><span class='hr-inner inner-border-av-border-thin'><span class=\"hr-inner-style\"><\/span><\/span><\/div>\n<\/div><\/div><\/main><!-- close content main element --><\/div><\/div><\/div><div id='after_section_1'  class='main_color av_default_container_wrap container_wrap sidebar_right'  ><div class='container av-section-cont-open' ><div class='template-page content  av-content-small alpha units'><div class='post-entry post-entry-type-page post-entry-4313'><div class='entry-content-wrapper clearfix'><div  data-slideshow-options=\"{&quot;animation&quot;:&quot;fade&quot;,&quot;autoplay&quot;:false,&quot;loop_autoplay&quot;:&quot;once&quot;,&quot;interval&quot;:5,&quot;loop_manual&quot;:&quot;manual-endless&quot;,&quot;autoplay_stopper&quot;:false,&quot;noNavigation&quot;:false,&quot;show_slide_delay&quot;:90}\" class='avia-content-slider avia-content-grid-active avia-content-slider1 avia-content-slider-odd  avia-builder-el-3  el_after_av_section  avia-builder-el-no-sibling  av-slideshow-ui av-control-default   av-no-slider-navigation av-slideshow-manual av-loop-once av-loop-manual-endless '  itemscope=\"itemscope\" itemtype=\"https:\/\/schema.org\/Blog\" ><div class=\"avia-content-slider-inner\"><div class=\"slide-entry-wrap\"><article class='slide-entry flex_column  post-entry post-entry-4500 slide-entry-overview slide-loop-1 slide-parity-odd  av_one_third first real-thumbnail posttype-post post-format-gallery'  itemscope=\"itemscope\" itemtype=\"https:\/\/schema.org\/CreativeWork\" ><a href='https:\/\/chapiteauxenperigord.fr\/en\/nouveaute-2025\/' data-rel='slide-1' class='slide-image' title='Carrousel of lights'><img decoding=\"async\" fetchpriority=\"high\" width=\"495\" height=\"400\" src=\"https:\/\/chapiteauxenperigord.fr\/wp-content\/uploads\/2025\/07\/carrousel-de-lumiere_nuit-1-495x400.jpg\" class=\"wp-image-4486 avia-img-lazy-loading-not-4486 attachment-portfolio size-portfolio wp-post-image\" alt=\"\" \/><\/a><div class=\"slide-content\"><header class=\"entry-content-header\" aria-label=\"Slide: Carrousel of lights\"><h3 class='slide-entry-title entry-title '  itemprop=\"headline\" ><a href='https:\/\/chapiteauxenperigord.fr\/en\/nouveaute-2025\/' title='Carrousel of lights'>Carrousel of lights<\/a><\/h3><span class=\"blog-categories minor-meta\"><a href=\"https:\/\/chapiteauxenperigord.fr\/en\/category\/chapinews-en\/\" rel=\"tag\">Chapi&rsquo;News<\/a> <\/span><span class=\"av-vertical-delimiter\"><\/span><\/header><div class='slide-entry-excerpt entry-content'  itemprop=\"text\" >Offer an enchanted break to your guests with our Light Carousel: a stylish kiosk of 10mx10m, equipped with fairy lights and a wooden floor, ideal for creating a warm and magical atmosphere.<\/div><\/div><footer class=\"entry-footer\"><div class=\"slide-meta\"><time class='slide-meta-time updated'  itemprop=\"datePublished\" datetime=\"2025-07-16T16:06:53+02:00\" >16 July 2025<\/time><\/div><\/footer><span class='hidden'>\n\t\t\t\t<span class='av-structured-data'  itemprop=\"image\" itemscope=\"itemscope\" itemtype=\"https:\/\/schema.org\/ImageObject\" >\n\t\t\t\t\t\t<span itemprop='url'>https:\/\/chapiteauxenperigord.fr\/wp-content\/uploads\/2025\/07\/carrousel-de-lumiere_nuit-1.jpg<\/span>\n\t\t\t\t\t\t<span itemprop='height'>600<\/span>\n\t\t\t\t\t\t<span itemprop='width'>899<\/span>\n\t\t\t\t<\/span>\n\t\t\t\t<span class='av-structured-data'  itemprop=\"publisher\" itemtype=\"https:\/\/schema.org\/Organization\" itemscope=\"itemscope\" >\n\t\t\t\t\t\t<span itemprop='name'>Chapiteaux en P\u00e9rigord<\/span>\n\t\t\t\t\t\t<span itemprop='logo' itemscope itemtype='https:\/\/schema.org\/ImageObject'>\n\t\t\t\t\t\t\t<span itemprop='url'>https:\/\/chapiteauxenperigord.fr\/wp-content\/uploads\/2025\/02\/logo-chapiteaux-perigord-600px.png<\/span>\n\t\t\t\t\t\t<\/span>\n\t\t\t\t<\/span><span class='av-structured-data'  itemprop=\"author\" itemscope=\"itemscope\" itemtype=\"https:\/\/schema.org\/Person\" ><span itemprop='name'>Chapiteaux en P\u00e9rigord<\/span><\/span><span class='av-structured-data'  itemprop=\"datePublished\" datetime=\"2025-03-24T13:31:17+01:00\" >2025-07-16 16:06:53<\/span><span class='av-structured-data'  itemprop=\"dateModified\" itemtype=\"https:\/\/schema.org\/dateModified\" >2025-07-21 10:38:50<\/span><span class='av-structured-data'  itemprop=\"mainEntityOfPage\" itemtype=\"https:\/\/schema.org\/mainEntityOfPage\" ><span itemprop='name'>Carrousel of lights<\/span><\/span><\/span><\/article><article class='slide-entry flex_column  post-entry post-entry-4307 slide-entry-overview slide-loop-2 slide-parity-even  av_one_third  real-thumbnail posttype-post post-format-gallery'  itemscope=\"itemscope\" itemtype=\"https:\/\/schema.org\/CreativeWork\" ><a href='https:\/\/chapiteauxenperigord.fr\/en\/wedding-fair-in-tonneins\/' data-rel='slide-1' class='slide-image' title='Wedding Fair in Tonneins'><img decoding=\"async\" fetchpriority=\"high\" width=\"495\" height=\"400\" src=\"https:\/\/chapiteauxenperigord.fr\/wp-content\/uploads\/2025\/04\/salon-du-mariage-domaine-de-bertranet-495x400.jpg\" class=\"wp-image-4252 avia-img-lazy-loading-not-4252 attachment-portfolio size-portfolio wp-post-image\" alt=\"\" srcset=\"https:\/\/chapiteauxenperigord.fr\/wp-content\/uploads\/2025\/04\/salon-du-mariage-domaine-de-bertranet-495x400.jpg 495w, https:\/\/chapiteauxenperigord.fr\/wp-content\/uploads\/2025\/04\/salon-du-mariage-domaine-de-bertranet-845x684.jpg 845w\" sizes=\"(max-width: 495px) 100vw, 495px\" \/><\/a><div class=\"slide-content\"><header class=\"entry-content-header\" aria-label=\"Slide: Wedding Fair in Tonneins\"><h3 class='slide-entry-title entry-title '  itemprop=\"headline\" ><a href='https:\/\/chapiteauxenperigord.fr\/en\/wedding-fair-in-tonneins\/' title='Wedding Fair in Tonneins'>Wedding Fair in Tonneins<\/a><\/h3><span class=\"blog-categories minor-meta\"><a href=\"https:\/\/chapiteauxenperigord.fr\/en\/category\/chapinews-en\/\" rel=\"tag\">Chapi&rsquo;News<\/a> <\/span><span class=\"av-vertical-delimiter\"><\/span><\/header><div class='slide-entry-excerpt entry-content'  itemprop=\"text\" >We will be present at the Wedding Fair of Domaine de Bertranet on 12 and 13 April 2025 to help you create an unforgettable reception!<\/div><\/div><footer class=\"entry-footer\"><div class=\"slide-meta\"><time class='slide-meta-time updated'  itemprop=\"datePublished\" datetime=\"2025-04-01T17:06:38+02:00\" >1 April 2025<\/time><\/div><\/footer><span class='hidden'>\n\t\t\t\t<span class='av-structured-data'  itemprop=\"image\" itemscope=\"itemscope\" itemtype=\"https:\/\/schema.org\/ImageObject\" >\n\t\t\t\t\t\t<span itemprop='url'>https:\/\/chapiteauxenperigord.fr\/wp-content\/uploads\/2025\/04\/salon-du-mariage-domaine-de-bertranet.jpg<\/span>\n\t\t\t\t\t\t<span itemprop='height'>1240<\/span>\n\t\t\t\t\t\t<span itemprop='width'>1000<\/span>\n\t\t\t\t<\/span>\n\t\t\t\t<span class='av-structured-data'  itemprop=\"publisher\" itemtype=\"https:\/\/schema.org\/Organization\" itemscope=\"itemscope\" >\n\t\t\t\t\t\t<span itemprop='name'>Chapiteaux en P\u00e9rigord<\/span>\n\t\t\t\t\t\t<span itemprop='logo' itemscope itemtype='https:\/\/schema.org\/ImageObject'>\n\t\t\t\t\t\t\t<span itemprop='url'>https:\/\/chapiteauxenperigord.fr\/wp-content\/uploads\/2025\/02\/logo-chapiteaux-perigord-600px.png<\/span>\n\t\t\t\t\t\t<\/span>\n\t\t\t\t<\/span><span class='av-structured-data'  itemprop=\"author\" itemscope=\"itemscope\" itemtype=\"https:\/\/schema.org\/Person\" ><span itemprop='name'>Chapiteaux en P\u00e9rigord<\/span><\/span><span class='av-structured-data'  itemprop=\"datePublished\" datetime=\"2025-03-24T13:31:17+01:00\" >2025-04-01 17:06:38<\/span><span class='av-structured-data'  itemprop=\"dateModified\" itemtype=\"https:\/\/schema.org\/dateModified\" >2025-07-01 09:24:30<\/span><span class='av-structured-data'  itemprop=\"mainEntityOfPage\" itemtype=\"https:\/\/schema.org\/mainEntityOfPage\" ><span itemprop='name'>Wedding Fair in Tonneins<\/span><\/span><\/span><\/article><article class='slide-entry flex_column  post-entry post-entry-4310 slide-entry-overview slide-loop-3 slide-parity-odd  post-entry-last  av_one_third  real-thumbnail posttype-post post-format-gallery'  itemscope=\"itemscope\" itemtype=\"https:\/\/schema.org\/CreativeWork\" ><a href='https:\/\/chapiteauxenperigord.fr\/en\/new-2025\/' data-rel='slide-1' class='slide-image' title='New 2025'><img decoding=\"async\" fetchpriority=\"high\" width=\"495\" height=\"400\" src=\"https:\/\/chapiteauxenperigord.fr\/wp-content\/uploads\/2025\/03\/tipi-03-495x400.jpg\" class=\"wp-image-3619 avia-img-lazy-loading-not-3619 attachment-portfolio size-portfolio wp-post-image\" alt=\"\" \/><\/a><div class=\"slide-content\"><header class=\"entry-content-header\" aria-label=\"Slide: New 2025\"><h3 class='slide-entry-title entry-title '  itemprop=\"headline\" ><a href='https:\/\/chapiteauxenperigord.fr\/en\/new-2025\/' title='New 2025'>New 2025<\/a><\/h3><span class=\"blog-categories minor-meta\"><a href=\"https:\/\/chapiteauxenperigord.fr\/en\/category\/chapinews-en\/\" rel=\"tag\">Chapi&rsquo;News<\/a> <\/span><span class=\"av-vertical-delimiter\"><\/span><\/header><div class='slide-entry-excerpt entry-content'  itemprop=\"text\" >Extend the magic of your event by offering your guests an original and friendly accommodation solution with our sleeping tipis. Both practical, comfortable and secure, they increase the capacity of your reception site while guaranteeing a unique experience closer to nature.<\/div><\/div><footer class=\"entry-footer\"><div class=\"slide-meta\"><time class='slide-meta-time updated'  itemprop=\"datePublished\" datetime=\"2015-03-24T18:20:21+01:00\" >24 March 2015<\/time><\/div><\/footer><span class='hidden'>\n\t\t\t\t<span class='av-structured-data'  itemprop=\"image\" itemscope=\"itemscope\" itemtype=\"https:\/\/schema.org\/ImageObject\" >\n\t\t\t\t\t\t<span itemprop='url'>https:\/\/chapiteauxenperigord.fr\/wp-content\/uploads\/2025\/03\/tipi-03.jpg<\/span>\n\t\t\t\t\t\t<span itemprop='height'>600<\/span>\n\t\t\t\t\t\t<span itemprop='width'>900<\/span>\n\t\t\t\t<\/span>\n\t\t\t\t<span class='av-structured-data'  itemprop=\"publisher\" itemtype=\"https:\/\/schema.org\/Organization\" itemscope=\"itemscope\" >\n\t\t\t\t\t\t<span itemprop='name'>Chapiteaux en P\u00e9rigord<\/span>\n\t\t\t\t\t\t<span itemprop='logo' itemscope itemtype='https:\/\/schema.org\/ImageObject'>\n\t\t\t\t\t\t\t<span itemprop='url'>https:\/\/chapiteauxenperigord.fr\/wp-content\/uploads\/2025\/02\/logo-chapiteaux-perigord-600px.png<\/span>\n\t\t\t\t\t\t<\/span>\n\t\t\t\t<\/span><span class='av-structured-data'  itemprop=\"author\" itemscope=\"itemscope\" itemtype=\"https:\/\/schema.org\/Person\" ><span itemprop='name'>Chapiteaux en P\u00e9rigord<\/span><\/span><span class='av-structured-data'  itemprop=\"datePublished\" datetime=\"2025-03-24T13:31:17+01:00\" >2015-03-24 18:20:21<\/span><span class='av-structured-data'  itemprop=\"dateModified\" itemtype=\"https:\/\/schema.org\/dateModified\" >2025-07-16 17:04:32<\/span><span class='av-structured-data'  itemprop=\"mainEntityOfPage\" itemtype=\"https:\/\/schema.org\/mainEntityOfPage\" ><span itemprop='name'>New 2025<\/span><\/span><\/span><\/article><\/div><\/div><\/div><\/p>\n","protected":false},"excerpt":{"rendered":"","protected":false},"author":1,"featured_media":0,"parent":0,"menu_order":0,"comment_status":"closed","ping_status":"closed","template":"","meta":{"footnotes":""},"class_list":["post-4313","page","type-page","status-publish","hentry"],"yoast_head":"<!-- This site is optimized with the Yoast SEO plugin v27.4 - https:\/\/yoast.com\/product\/yoast-seo-wordpress\/ -->\n<title>News rental of marquees, tents for wedding in Dordogne 24<\/title>\n<meta name=\"description\" content=\"Discover the news of Chapiteaux en P\u00e9rigord, specialist in rental tents and wedding equipment for weddings and events in Dordogne 24, Gironde 33, Lot 46, Lot-et-Garonne 47, Corr\u00e8ze 19...\" \/>\n<meta name=\"robots\" content=\"index, follow, max-snippet:-1, max-image-preview:large, max-video-preview:-1\" \/>\n<link rel=\"canonical\" href=\"https:\/\/chapiteauxenperigord.fr\/en\/news-marquee-rental-wedding-reception-equipment-dordogne-24\/\" \/>\n<meta property=\"og:locale\" content=\"en_US\" \/>\n<meta property=\"og:type\" content=\"article\" \/>\n<meta property=\"og:title\" content=\"News rental of marquees, tents for wedding in Dordogne 24\" \/>\n<meta property=\"og:description\" content=\"Discover the news of Chapiteaux en P\u00e9rigord, specialist in rental tents and wedding equipment for weddings and events in Dordogne 24, Gironde 33, Lot 46, Lot-et-Garonne 47, Corr\u00e8ze 19...\" \/>\n<meta property=\"og:url\" content=\"https:\/\/chapiteauxenperigord.fr\/en\/news-marquee-rental-wedding-reception-equipment-dordogne-24\/\" \/>\n<meta property=\"og:site_name\" content=\"Chapiteaux en P\u00e9rigord\" \/>\n<meta property=\"article:publisher\" content=\"https:\/\/www.facebook.com\/people\/Chapiteaux-en-P%c3%a9rigord\/100057351854568\/\" \/>\n<meta property=\"article:modified_time\" content=\"2025-07-04T09:07:20+00:00\" \/>\n<meta property=\"og:image\" content=\"https:\/\/chapiteauxenperigord.fr\/wp-content\/uploads\/2025\/07\/location-chapiteaux-mariage-dordogne.jpg\" \/>\n\t<meta property=\"og:image:width\" content=\"963\" \/>\n\t<meta property=\"og:image:height\" content=\"635\" \/>\n\t<meta property=\"og:image:type\" content=\"image\/jpeg\" \/>\n<meta name=\"twitter:card\" content=\"summary_large_image\" \/>\n<meta name=\"twitter:label1\" content=\"Est. reading time\" \/>\n\t<meta name=\"twitter:data1\" content=\"2 minutes\" \/>\n<script type=\"application\/ld+json\" class=\"yoast-schema-graph\">{\"@context\":\"https:\\\/\\\/schema.org\",\"@graph\":[{\"@type\":\"WebPage\",\"@id\":\"https:\\\/\\\/chapiteauxenperigord.fr\\\/en\\\/news-marquee-rental-wedding-reception-equipment-dordogne-24\\\/\",\"url\":\"https:\\\/\\\/chapiteauxenperigord.fr\\\/en\\\/news-marquee-rental-wedding-reception-equipment-dordogne-24\\\/\",\"name\":\"News rental of marquees, tents for wedding in Dordogne 24\",\"isPartOf\":{\"@id\":\"https:\\\/\\\/chapiteauxenperigord.fr\\\/#website\"},\"datePublished\":\"2025-03-24T12:31:17+00:00\",\"dateModified\":\"2025-07-04T09:07:20+00:00\",\"description\":\"Discover the news of Chapiteaux en P\u00e9rigord, specialist in rental tents and wedding equipment for weddings and events in Dordogne 24, Gironde 33, Lot 46, Lot-et-Garonne 47, Corr\u00e8ze 19...\",\"breadcrumb\":{\"@id\":\"https:\\\/\\\/chapiteauxenperigord.fr\\\/en\\\/news-marquee-rental-wedding-reception-equipment-dordogne-24\\\/#breadcrumb\"},\"inLanguage\":\"en-US\",\"potentialAction\":[{\"@type\":\"ReadAction\",\"target\":[\"https:\\\/\\\/chapiteauxenperigord.fr\\\/en\\\/news-marquee-rental-wedding-reception-equipment-dordogne-24\\\/\"]}]},{\"@type\":\"BreadcrumbList\",\"@id\":\"https:\\\/\\\/chapiteauxenperigord.fr\\\/en\\\/news-marquee-rental-wedding-reception-equipment-dordogne-24\\\/#breadcrumb\",\"itemListElement\":[{\"@type\":\"ListItem\",\"position\":1,\"name\":\"Accueil\",\"item\":\"https:\\\/\\\/chapiteauxenperigord.fr\\\/en\\\/home\\\/\"},{\"@type\":\"ListItem\",\"position\":2,\"name\":\"News\"}]},{\"@type\":\"WebSite\",\"@id\":\"https:\\\/\\\/chapiteauxenperigord.fr\\\/#website\",\"url\":\"https:\\\/\\\/chapiteauxenperigord.fr\\\/\",\"name\":\"Chapiteaux en P\u00e9rigord : Location de tentes, mat\u00e9riel de r\u00e9ception en Dordogne 24 Bergerac, P\u00e9rigueux, Sarlat...\",\"description\":\"Location de chapiteaux pour mariages et mat\u00e9riel de r\u00e9ception en Dordogne 24 - Chapiteaux en P\u00e9rigord\",\"publisher\":{\"@id\":\"https:\\\/\\\/chapiteauxenperigord.fr\\\/#organization\"},\"alternateName\":\"Sp\u00e9cialiste de la locationde mat\u00e9riel de r\u00e9ception en Dordogne 24 et dans les d\u00e9partements limitrophes\",\"potentialAction\":[{\"@type\":\"SearchAction\",\"target\":{\"@type\":\"EntryPoint\",\"urlTemplate\":\"https:\\\/\\\/chapiteauxenperigord.fr\\\/?s={search_term_string}\"},\"query-input\":{\"@type\":\"PropertyValueSpecification\",\"valueRequired\":true,\"valueName\":\"search_term_string\"}}],\"inLanguage\":\"en-US\"},{\"@type\":\"Organization\",\"@id\":\"https:\\\/\\\/chapiteauxenperigord.fr\\\/#organization\",\"name\":\"Chapiteaux en P\u00e9rigord : Location de tentes, mat\u00e9riel de r\u00e9ception en Dordogne\",\"alternateName\":\"Chapiteaux en P\u00e9rigord\",\"url\":\"https:\\\/\\\/chapiteauxenperigord.fr\\\/\",\"logo\":{\"@type\":\"ImageObject\",\"inLanguage\":\"en-US\",\"@id\":\"https:\\\/\\\/chapiteauxenperigord.fr\\\/#\\\/schema\\\/logo\\\/image\\\/\",\"url\":\"https:\\\/\\\/chapiteauxenperigord.fr\\\/wp-content\\\/uploads\\\/2025\\\/07\\\/logo-chapiteaux-mariage-dordogne-perigord.jpg\",\"contentUrl\":\"https:\\\/\\\/chapiteauxenperigord.fr\\\/wp-content\\\/uploads\\\/2025\\\/07\\\/logo-chapiteaux-mariage-dordogne-perigord.jpg\",\"width\":749,\"height\":749,\"caption\":\"Chapiteaux en P\u00e9rigord : Location de tentes, mat\u00e9riel de r\u00e9ception en Dordogne\"},\"image\":{\"@id\":\"https:\\\/\\\/chapiteauxenperigord.fr\\\/#\\\/schema\\\/logo\\\/image\\\/\"},\"sameAs\":[\"https:\\\/\\\/www.facebook.com\\\/people\\\/Chapiteaux-en-P\u00e9rigord\\\/100057351854568\\\/\",\"https:\\\/\\\/www.instagram.com\\\/chapiteauxenperigord\\\/\"]}]}<\/script>\n<!-- \/ Yoast SEO plugin. -->","yoast_head_json":{"title":"News rental of marquees, tents for wedding in Dordogne 24","description":"Discover the news of Chapiteaux en P\u00e9rigord, specialist in rental tents and wedding equipment for weddings and events in Dordogne 24, Gironde 33, Lot 46, Lot-et-Garonne 47, Corr\u00e8ze 19...","robots":{"index":"index","follow":"follow","max-snippet":"max-snippet:-1","max-image-preview":"max-image-preview:large","max-video-preview":"max-video-preview:-1"},"canonical":"https:\/\/chapiteauxenperigord.fr\/en\/news-marquee-rental-wedding-reception-equipment-dordogne-24\/","og_locale":"en_US","og_type":"article","og_title":"News rental of marquees, tents for wedding in Dordogne 24","og_description":"Discover the news of Chapiteaux en P\u00e9rigord, specialist in rental tents and wedding equipment for weddings and events in Dordogne 24, Gironde 33, Lot 46, Lot-et-Garonne 47, Corr\u00e8ze 19...","og_url":"https:\/\/chapiteauxenperigord.fr\/en\/news-marquee-rental-wedding-reception-equipment-dordogne-24\/","og_site_name":"Chapiteaux en P\u00e9rigord","article_publisher":"https:\/\/www.facebook.com\/people\/Chapiteaux-en-P%c3%a9rigord\/100057351854568\/","article_modified_time":"2025-07-04T09:07:20+00:00","og_image":[{"width":963,"height":635,"url":"https:\/\/chapiteauxenperigord.fr\/wp-content\/uploads\/2025\/07\/location-chapiteaux-mariage-dordogne.jpg","type":"image\/jpeg"}],"twitter_card":"summary_large_image","twitter_misc":{"Est. reading time":"2 minutes"},"schema":{"@context":"https:\/\/schema.org","@graph":[{"@type":"WebPage","@id":"https:\/\/chapiteauxenperigord.fr\/en\/news-marquee-rental-wedding-reception-equipment-dordogne-24\/","url":"https:\/\/chapiteauxenperigord.fr\/en\/news-marquee-rental-wedding-reception-equipment-dordogne-24\/","name":"News rental of marquees, tents for wedding in Dordogne 24","isPartOf":{"@id":"https:\/\/chapiteauxenperigord.fr\/#website"},"datePublished":"2025-03-24T12:31:17+00:00","dateModified":"2025-07-04T09:07:20+00:00","description":"Discover the news of Chapiteaux en P\u00e9rigord, specialist in rental tents and wedding equipment for weddings and events in Dordogne 24, Gironde 33, Lot 46, Lot-et-Garonne 47, Corr\u00e8ze 19...","breadcrumb":{"@id":"https:\/\/chapiteauxenperigord.fr\/en\/news-marquee-rental-wedding-reception-equipment-dordogne-24\/#breadcrumb"},"inLanguage":"en-US","potentialAction":[{"@type":"ReadAction","target":["https:\/\/chapiteauxenperigord.fr\/en\/news-marquee-rental-wedding-reception-equipment-dordogne-24\/"]}]},{"@type":"BreadcrumbList","@id":"https:\/\/chapiteauxenperigord.fr\/en\/news-marquee-rental-wedding-reception-equipment-dordogne-24\/#breadcrumb","itemListElement":[{"@type":"ListItem","position":1,"name":"Accueil","item":"https:\/\/chapiteauxenperigord.fr\/en\/home\/"},{"@type":"ListItem","position":2,"name":"News"}]},{"@type":"WebSite","@id":"https:\/\/chapiteauxenperigord.fr\/#website","url":"https:\/\/chapiteauxenperigord.fr\/","name":"Chapiteaux en P\u00e9rigord : Location de tentes, mat\u00e9riel de r\u00e9ception en Dordogne 24 Bergerac, P\u00e9rigueux, Sarlat...","description":"Location de chapiteaux pour mariages et mat\u00e9riel de r\u00e9ception en Dordogne 24 - Chapiteaux en P\u00e9rigord","publisher":{"@id":"https:\/\/chapiteauxenperigord.fr\/#organization"},"alternateName":"Sp\u00e9cialiste de la locationde mat\u00e9riel de r\u00e9ception en Dordogne 24 et dans les d\u00e9partements limitrophes","potentialAction":[{"@type":"SearchAction","target":{"@type":"EntryPoint","urlTemplate":"https:\/\/chapiteauxenperigord.fr\/?s={search_term_string}"},"query-input":{"@type":"PropertyValueSpecification","valueRequired":true,"valueName":"search_term_string"}}],"inLanguage":"en-US"},{"@type":"Organization","@id":"https:\/\/chapiteauxenperigord.fr\/#organization","name":"Chapiteaux en P\u00e9rigord : Location de tentes, mat\u00e9riel de r\u00e9ception en Dordogne","alternateName":"Chapiteaux en P\u00e9rigord","url":"https:\/\/chapiteauxenperigord.fr\/","logo":{"@type":"ImageObject","inLanguage":"en-US","@id":"https:\/\/chapiteauxenperigord.fr\/#\/schema\/logo\/image\/","url":"https:\/\/chapiteauxenperigord.fr\/wp-content\/uploads\/2025\/07\/logo-chapiteaux-mariage-dordogne-perigord.jpg","contentUrl":"https:\/\/chapiteauxenperigord.fr\/wp-content\/uploads\/2025\/07\/logo-chapiteaux-mariage-dordogne-perigord.jpg","width":749,"height":749,"caption":"Chapiteaux en P\u00e9rigord : Location de tentes, mat\u00e9riel de r\u00e9ception en Dordogne"},"image":{"@id":"https:\/\/chapiteauxenperigord.fr\/#\/schema\/logo\/image\/"},"sameAs":["https:\/\/www.facebook.com\/people\/Chapiteaux-en-P\u00e9rigord\/100057351854568\/","https:\/\/www.instagram.com\/chapiteauxenperigord\/"]}]}},"_links":{"self":[{"href":"https:\/\/chapiteauxenperigord.fr\/en\/wp-json\/wp\/v2\/pages\/4313","targetHints":{"allow":["GET"]}}],"collection":[{"href":"https:\/\/chapiteauxenperigord.fr\/en\/wp-json\/wp\/v2\/pages"}],"about":[{"href":"https:\/\/chapiteauxenperigord.fr\/en\/wp-json\/wp\/v2\/types\/page"}],"author":[{"embeddable":true,"href":"https:\/\/chapiteauxenperigord.fr\/en\/wp-json\/wp\/v2\/users\/1"}],"replies":[{"embeddable":true,"href":"https:\/\/chapiteauxenperigord.fr\/en\/wp-json\/wp\/v2\/comments?post=4313"}],"version-history":[{"count":0,"href":"https:\/\/chapiteauxenperigord.fr\/en\/wp-json\/wp\/v2\/pages\/4313\/revisions"}],"wp:attachment":[{"href":"https:\/\/chapiteauxenperigord.fr\/en\/wp-json\/wp\/v2\/media?parent=4313"}],"curies":[{"name":"wp","href":"https:\/\/api.w.org\/{rel}","templated":true}]}}